{"id":82,"date":"2020-11-12T11:33:24","date_gmt":"2020-11-12T11:33:24","guid":{"rendered":"https:\/\/demo.keonthemes.com\/gutener\/demo13\/?page_id=4"},"modified":"2023-05-31T10:40:22","modified_gmt":"2023-05-31T10:40:22","slug":"home","status":"publish","type":"page","link":"https:\/\/www.companyoffriends.nl\/pt\/","title":{"rendered":"In\u00edcio"},"content":{"rendered":"<section id=\"gmeb5ee43\" class=\"wp-block-gutentor-m5 section-gmeb5ee43 gutentor-module gutentor-module-slider gutentor-slick-a-default-desktop gutentor-module-caption-enabled\"><div class=\"gutentor-module-slider-row\" data-dots=\"false\" data-dotstablet=\"false\" data-dotsmobile=\"false\" data-nextarrow=\"fas fa-angle-right\" data-prevarrow=\"fas fa-angle-left\" data-arrows=\"true\" data-arrowstablet=\"true\" data-arrowsmobile=\"true\" data-fade=\"false\" data-draggable=\"true\" data-infinite=\"true\" data-autoplay=\"false\" data-pauseonfocus=\"true\" data-pauseonhover=\"true\" data-speed=\"3000\" data-autoplayspeed=\"3000\" data-arrowspositiondesktop=\"gutentor-slick-a-default-desktop\">\n<div id=\"col-gmbc9792\" class=\"wp-block-gutentor-m5-col col-gmbc9792 gutentor-slider-item\"><div id=\"section-gmbc9792\" class=\"section-gmbc9792 gutentor-col-wrap has-image-bg has-custom-bg has-gutentor-overlay\"><div class=\"gutentor-slider-caption\"><div class=\"grid-container\">\n<div id=\"section-ge62c70\" class=\"wp-block-gutentor-e1 section-ge62c70 gutentor-element gutentor-element-advanced-text text-align-left-desktop text-align-left-tablet text-align-left-mobile\"><div class=\"gutentor-text-wrap\"><h2 class=\"gutentor-text\">       Welkom bij<br>Company of Friends<\/h2><\/div><\/div>\n\n\n\n<div id=\"section-g881ea9\" class=\"wp-block-gutentor-e0 section-g881ea9 gutentor-element gutentor-element-advanced-text text-align-left-desktop text-align-left-tablet text-align-left-mobile\"><div class=\"gutentor-text-wrap\"><p class=\"gutentor-text\"><\/p><\/div><\/div>\n<\/div><\/div><\/div><\/div>\n\n\n\n<div id=\"col-gmab0d18\" class=\"wp-block-gutentor-m5-col col-gmab0d18 gutentor-slider-item\"><div id=\"section-gmab0d18\" class=\"section-gmab0d18 gutentor-col-wrap has-image-bg has-custom-bg has-gutentor-overlay\"><div class=\"gutentor-slider-caption\"><div class=\"grid-container\">\n<div id=\"section-g051baf\" class=\"wp-block-gutentor-e1 section-g051baf gutentor-element gutentor-element-advanced-text text-align-center-desktop text-align-center-tablet text-align-center-mobile\"><div class=\"gutentor-text-wrap\"><h2 class=\"gutentor-text\">Wij zijn toegewijd om te ondersteunen.<\/h2><\/div><\/div>\n\n\n\n<div id=\"section-gbf9ab4\" class=\"wp-block-gutentor-e0 section-gbf9ab4 gutentor-element gutentor-element-advanced-text text-align-center-desktop text-align-center-tablet text-align-center-mobile\"><div class=\"gutentor-text-wrap\"><p class=\"gutentor-text\"><\/p><\/div><\/div>\n<\/div><\/div><\/div><\/div>\n<\/div><\/section>\n\n\n\n<section id=\"gmd4a3256\" class=\"wp-block-gutentor-m4 section-gmd4a3256 gutentor-module gutentor-advanced-columns\"><div class=\"grid-container\"><div class=\"grid-row\">\n<div id=\"col-gm6d0cf1\" class=\"wp-block-gutentor-m4-col col-gm6d0cf1 gutentor-single-column  grid-lg-5 grid-md-12 grid-12\"><div id=\"section-gm6d0cf1\" class=\"section-gm6d0cf1 gutentor-col-wrap\">\n<div id=\"section-g630b57\" class=\"wp-block-gutentor-e1 section-g630b57 gutentor-element gutentor-element-advanced-text enable-title-design text-align-left-desktop text-align-left-tablet text-align-left-mobile\"><div class=\"gutentor-text-wrap divider-left\"><div class=\"gutentor-separator gutentor-separator-before border-solid\"><\/div><span class=\"gutentor-text\">OVER ONS<\/span><\/div><\/div>\n\n\n\n<div id=\"section-g4ced44\" class=\"wp-block-gutentor-e1 section-g4ced44 gutentor-element gutentor-element-advanced-text text-align-left-desktop text-align-left-tablet text-align-left-mobile\"><div class=\"gutentor-text-wrap\"><h2 class=\"gutentor-text\">Praktische Idealisten<\/h2><\/div><\/div>\n\n\n\n<div id=\"section-g144427\" class=\"wp-block-gutentor-e0 section-g144427 gutentor-element gutentor-element-advanced-text text-align-left-desktop text-align-left-tablet text-align-left-mobile\"><div class=\"gutentor-text-wrap\"><p class=\"gutentor-text\">Na Empresa dos Amigos, vemos os migrantes como indiv\u00edduos. \u00c0s vezes eles podem precisar de um empurr\u00e3o, dicas, uma boa conversa ou um ouvido atento.&nbsp;<br>Het zijn mensen die hun eigen verantwoordelijkheid kunnen en moeten nemen, op eigen benen kunnen staan en hun eigen weg gaan.&nbsp;Als vrienden helpen we hen daarbij, als dat nodig is.<\/p><\/div><\/div>\n\n\n\n<div id=\"section-gd540c9\" class=\"wp-block-gutentor-e2 section-gd540c9 gutentor-element gutentor-element-button button-align-left-desktop button-align-left-tablet button-align-left-mobile\"><span class=\"gutentor-button-wrap\"><a class=\"gutentor-button gutentor-block-button gutentor-icon-hide\" href=\"https:\/\/www.companyoffriends.nl\/pt\/about-us\/\"><i class=\"gutentor-button-icon fas fa-book\"><\/i><span>LEIA MAIS<\/span><\/a><\/span><\/div>\n<\/div><\/div>\n\n\n\n<div id=\"col-gm8bf097\" class=\"wp-block-gutentor-m4-col col-gm8bf097 gutentor-single-column  grid-lg-7 grid-md-12 grid-12\"><div id=\"section-gm8bf097\" class=\"section-gm8bf097 gutentor-col-wrap\">\n<figure class=\"wp-block-image size-large\"><img loading=\"lazy\" decoding=\"async\" width=\"700\" height=\"466\" src=\"https:\/\/www.companyoffriends.nl\/wp-content\/uploads\/2023\/05\/Voorpagina-700x466.jpg\" alt=\"\" class=\"wp-image-525\" srcset=\"https:\/\/www.companyoffriends.nl\/wp-content\/uploads\/2023\/05\/Voorpagina-700x466.jpg 700w, https:\/\/www.companyoffriends.nl\/wp-content\/uploads\/2023\/05\/Voorpagina-300x200.jpg 300w, https:\/\/www.companyoffriends.nl\/wp-content\/uploads\/2023\/05\/Voorpagina-768x512.jpg 768w, https:\/\/www.companyoffriends.nl\/wp-content\/uploads\/2023\/05\/Voorpagina-18x12.jpg 18w, https:\/\/www.companyoffriends.nl\/wp-content\/uploads\/2023\/05\/Voorpagina.jpg 1163w\" sizes=\"auto, (max-width: 700px) 100vw, 700px\" \/><\/figure>\n<\/div><\/div>\n<\/div><\/div><\/section>\n\n\n\n<section id=\"gm110df0b\" class=\"wp-block-gutentor-m3 section-gm110df0b gutentor-module gutentor-container-cover\"><div class=\"grid-container\">\n<section id=\"gm36dcb03\" class=\"wp-block-gutentor-m4 section-gm36dcb03 gutentor-module gutentor-advanced-columns\"><div class=\"grid-container\"><div class=\"grid-row\">\n<div id=\"col-gmf73618\" class=\"wp-block-gutentor-m4-col col-gmf73618 gutentor-single-column  grid-lg-6 grid-md-12 grid-12\"><div id=\"section-gmf73618\" class=\"section-gmf73618 gutentor-col-wrap\">\n<div id=\"section-g214249\" class=\"wp-block-gutentor-e1 section-g214249 gutentor-element gutentor-element-advanced-text enable-title-design text-align-left-desktop text-align-left-tablet text-align-left-mobile\"><div class=\"gutentor-text-wrap divider-left\"><div class=\"gutentor-separator gutentor-separator-before border-solid\"><\/div><span class=\"gutentor-text\">Nossas NOT\u00cdCIAS<\/span><\/div><\/div>\n\n\n\n<div id=\"section-g4242cf\" class=\"wp-block-gutentor-e1 section-g4242cf gutentor-element gutentor-element-advanced-text text-align-left-desktop text-align-left-tablet text-align-left-mobile\"><div class=\"gutentor-text-wrap\"><h2 class=\"gutentor-text\">not\u00edcias<\/h2><\/div><\/div>\n<\/div><\/div>\n\n\n\n<div id=\"col-gm8b26bf\" class=\"wp-block-gutentor-m4-col col-gm8b26bf gutentor-single-column  grid-lg-6 grid-md-12 grid-12\"><div id=\"section-gm8b26bf\" class=\"section-gm8b26bf gutentor-col-wrap\">\n<div id=\"section-gdc27a0\" class=\"wp-block-gutentor-e0 section-gdc27a0 gutentor-element gutentor-element-advanced-text text-align-left-desktop text-align-left-tablet text-align-left-mobile\"><div class=\"gutentor-text-wrap\"><p class=\"gutentor-text\"><\/p><\/div><\/div>\n<\/div><\/div>\n<\/div><\/div><\/section>\n\n\n<section class=\"gutentor-post-module section-5622c6fa-c57a-4998-aaa0-cbe6b0f578dd gutentor-post-module-p1 gutentor_p1_template1 wp-block-gutentor-p1  gutentor-enabled-width gutentor-cat-pos-img-top-left gutentor-blog-list\" id=\"5622c6fa-c57a-4998-aaa0-cbe6b0f578dd\" data-gbid=\"5622c6fa-c57a-4998-aaa0-cbe6b0f578dd\" >\n<div class='grid-container'><div class='grid-row' ><article class='gutentor-post  grid-lg-6 grid-md-12 grid-12  text-align-left-mobile text-align-left-tablet text-align-left-desktop'><div class='gutentor-post-item'><div class='gutentor-post-image-box'><div class=\"gutentor-image-thumb\"><img loading=\"lazy\" decoding=\"async\" width=\"2860\" height=\"1546\" src=\"https:\/\/www.companyoffriends.nl\/wp-content\/uploads\/2022\/11\/Screenshot-2022-11-29-at-23.29.48.png\" class=\"attachment-full size-full wp-post-image\" alt=\"\" srcset=\"https:\/\/www.companyoffriends.nl\/wp-content\/uploads\/2022\/11\/Screenshot-2022-11-29-at-23.29.48.png 2860w, https:\/\/www.companyoffriends.nl\/wp-content\/uploads\/2022\/11\/Screenshot-2022-11-29-at-23.29.48-300x162.png 300w, https:\/\/www.companyoffriends.nl\/wp-content\/uploads\/2022\/11\/Screenshot-2022-11-29-at-23.29.48-700x378.png 700w, https:\/\/www.companyoffriends.nl\/wp-content\/uploads\/2022\/11\/Screenshot-2022-11-29-at-23.29.48-768x415.png 768w, https:\/\/www.companyoffriends.nl\/wp-content\/uploads\/2022\/11\/Screenshot-2022-11-29-at-23.29.48-1536x830.png 1536w, https:\/\/www.companyoffriends.nl\/wp-content\/uploads\/2022\/11\/Screenshot-2022-11-29-at-23.29.48-2048x1107.png 2048w, https:\/\/www.companyoffriends.nl\/wp-content\/uploads\/2022\/11\/Screenshot-2022-11-29-at-23.29.48-18x10.png 18w\" sizes=\"auto, (max-width: 2860px) 100vw, 2860px\" \/><\/div><div class=\"gutentor-categories\"><a href=\"https:\/\/www.companyoffriends.nl\/pt\/category\/home\/ \" class=\"post-category gutentor-cat-home\" rel=\"category tag\">home<\/a> <a href=\"https:\/\/www.companyoffriends.nl\/pt\/category\/uncategorized\/ \" class=\"post-category gutentor-cat-uncategorized\" rel=\"category tag\">Uncategorized<\/a> <\/div><\/div><div class=\"gutentor-post-content\"><div class=\"gutentor-entry-meta gutentor-entry-meta-primary\"><div class=\"posted-on\"><i class=\"far fa-calendar-alt\"><\/i><a href=\"https:\/\/www.companyoffriends.nl\/pt\/praktische-idealisten\/\" rel=\"bookmark\">19 novembro 2022<\/a><\/div><\/div><div class=\"gutentor-post-title-data-wrap\"><h3 class=\"gutentor-post-title\"><a href=\"https:\/\/www.companyoffriends.nl\/pt\/praktische-idealisten\/\" rel=\"bookmark\">Introductie: Wonen en werken in Nederland. Ben ik welkom?<\/a><\/h3><\/div><div class=\"gutentor-post-desc\">https:\/\/www.youtube.com\/watch?v=DURQVt95jZU\n\n\n\n\nDeze serie korte animaties is onderdeel van ons proj&hellip;<\/div><\/div><\/div><\/article><\/div><\/div><\/section><\/div><\/section>\n\n\n\n<p><\/p>\n\n\n\n<section id=\"gma0e5a9e\" class=\"wp-block-gutentor-m4 section-gma0e5a9e gutentor-module gutentor-advanced-columns\"><div class=\"grid-container\"><div class=\"grid-row\">\n<div id=\"col-gm51a7c4\" class=\"wp-block-gutentor-m4-col col-gm51a7c4 gutentor-single-column  grid-lg-12 grid-md-12 grid-12\"><div id=\"section-gm51a7c4\" class=\"section-gm51a7c4 gutentor-col-wrap\">\t\t<style>\n\t\t\t#wpls-logo-showcase-slider-1 .wpls-fix-box,\n\t\t\t#wpls-logo-showcase-slider-1 .wpls-fix-box img.wp-post-image{max-height:250px; }\n\t\t<\/style>\n\t\t<div class=\"wpls-wrap wpls-logo-showcase-slider-wrp wpls-logo-clearfix wpls-design-1\" data-conf=\"{&quot;slides_column&quot;:4,&quot;slides_scroll&quot;:1,&quot;dots&quot;:&quot;true&quot;,&quot;arrows&quot;:&quot;true&quot;,&quot;autoplay&quot;:&quot;true&quot;,&quot;autoplay_interval&quot;:3000,&quot;loop&quot;:&quot;true&quot;,&quot;rtl&quot;:&quot;false&quot;,&quot;speed&quot;:800,&quot;center_mode&quot;:&quot;false&quot;,&quot;lazyload&quot;:&quot;&quot;}\">\n\t\t\t<div class=\"wpls-logo-showcase logo_showcase wpls-logo-slider  sliderimage_hide_border\" id=\"wpls-logo-showcase-slider-1\" >\n\t\t\t\t<div class=\"wpls-logo-cnt\">\n\t<div class=\"wpls-fix-box\">\n\t\t\t\t<img decoding=\"async\" class=\"wp-post-image\"  src=\"https:\/\/www.companyoffriends.nl\/wp-content\/uploads\/2022\/12\/Artboard-1company-of-friends-partners-160x160-1.jpg\" alt=\"\" \/>\n\t\t\t<\/div>\n\t<\/div><div class=\"wpls-logo-cnt\">\n\t<div class=\"wpls-fix-box\">\n\t\t\t\t<a href=\"https:\/\/www.facebook.com\/mandabrasa.brasil\/\" target=\"_self\">\n\t\t\t<img decoding=\"async\" class=\"wp-post-image\"  src=\"https:\/\/www.companyoffriends.nl\/wp-content\/uploads\/2022\/11\/OriginalonTransparent-2-1024x1024-1.png\" alt=\"\" \/>\n\t\t<\/a>\n\t\t\t<\/div>\n\t<\/div><div class=\"wpls-logo-cnt\">\n\t<div class=\"wpls-fix-box\">\n\t\t\t\t<img decoding=\"async\" class=\"wp-post-image\"  src=\"https:\/\/www.companyoffriends.nl\/wp-content\/uploads\/2022\/11\/Artboard-1-copy-10company-of-friends-partners.jpeg\" alt=\"\" \/>\n\t\t\t<\/div>\n\t<\/div><div class=\"wpls-logo-cnt\">\n\t<div class=\"wpls-fix-box\">\n\t\t\t\t<a href=\"https:\/\/www.rodekruis.nl\/\" target=\"_self\">\n\t\t\t<img decoding=\"async\" class=\"wp-post-image\"  src=\"https:\/\/www.companyoffriends.nl\/wp-content\/uploads\/2022\/11\/Artboard-1-copy-11company-of-friends-partners.jpeg\" alt=\"\" \/>\n\t\t<\/a>\n\t\t\t<\/div>\n\t<\/div><div class=\"wpls-logo-cnt\">\n\t<div class=\"wpls-fix-box\">\n\t\t\t\t<a href=\"https:\/\/www.amsterdamtrainingcenter.nl\/\" target=\"_self\">\n\t\t\t<img decoding=\"async\" class=\"wp-post-image\"  src=\"https:\/\/www.companyoffriends.nl\/wp-content\/uploads\/2022\/12\/Artboard-1-copy-7company-of-friends-partners-160x160-1.jpg\" alt=\"\" \/>\n\t\t<\/a>\n\t\t\t<\/div>\n\t<\/div><div class=\"wpls-logo-cnt\">\n\t<div class=\"wpls-fix-box\">\n\t\t\t\t<a href=\"https:\/\/www.leergeld-randmeren.nl\/\" target=\"_self\">\n\t\t\t<img decoding=\"async\" class=\"wp-post-image\"  src=\"https:\/\/www.companyoffriends.nl\/wp-content\/uploads\/2023\/05\/Leergeld.jpeg\" alt=\"\" \/>\n\t\t<\/a>\n\t\t\t<\/div>\n\t<\/div><div class=\"wpls-logo-cnt\">\n\t<div class=\"wpls-fix-box\">\n\t\t\t\t<a href=\"https:\/\/www.oranjefonds.nl\/\" target=\"_self\">\n\t\t\t<img decoding=\"async\" class=\"wp-post-image\"  src=\"https:\/\/www.companyoffriends.nl\/wp-content\/uploads\/2023\/05\/Logo-OF-wit-kader-groot.jpg\" alt=\"\" \/>\n\t\t<\/a>\n\t\t\t<\/div>\n\t<\/div><div class=\"wpls-logo-cnt\">\n\t<div class=\"wpls-fix-box\">\n\t\t\t\t<a href=\"https:\/\/www.provast.nl\/\" target=\"_self\">\n\t\t\t<img decoding=\"async\" class=\"wp-post-image\"  src=\"https:\/\/www.companyoffriends.nl\/wp-content\/uploads\/2023\/05\/Provast.jpg\" alt=\"\" \/>\n\t\t<\/a>\n\t\t\t<\/div>\n\t<\/div><div class=\"wpls-logo-cnt\">\n\t<div class=\"wpls-fix-box\">\n\t\t\t\t<a href=\"https:\/\/doktersvandewereld.org\/\" target=\"_self\">\n\t\t\t<img decoding=\"async\" class=\"wp-post-image\"  src=\"https:\/\/www.companyoffriends.nl\/wp-content\/uploads\/2023\/05\/logo-dvdw.png\" alt=\"\" \/>\n\t\t<\/a>\n\t\t\t<\/div>\n\t<\/div><div class=\"wpls-logo-cnt\">\n\t<div class=\"wpls-fix-box\">\n\t\t\t\t<a href=\"https:\/\/www.portaldaindustria.com.br\/senai\/canais\/servicos-internacionais\/en\/\" target=\"_self\">\n\t\t\t<img decoding=\"async\" class=\"wp-post-image\"  src=\"https:\/\/www.companyoffriends.nl\/wp-content\/uploads\/2023\/05\/Senai.png\" alt=\"\" \/>\n\t\t<\/a>\n\t\t\t<\/div>\n\t<\/div><div class=\"wpls-logo-cnt\">\n\t<div class=\"wpls-fix-box\">\n\t\t\t\t<a href=\"https:\/\/www.accompanied.nl\/\" target=\"_self\">\n\t\t\t<img decoding=\"async\" class=\"wp-post-image\"  src=\"https:\/\/www.companyoffriends.nl\/wp-content\/uploads\/2023\/05\/Accompanied.png\" alt=\"\" \/>\n\t\t<\/a>\n\t\t\t<\/div>\n\t<\/div><div class=\"wpls-logo-cnt\">\n\t<div class=\"wpls-fix-box\">\n\t\t\t\t<a href=\"https:\/\/www.accompaniedbrasil.com.br\/\" target=\"_self\">\n\t\t\t<img decoding=\"async\" class=\"wp-post-image\"  src=\"https:\/\/www.companyoffriends.nl\/wp-content\/uploads\/2022\/11\/Logo-Accompanied-do-Brasil-transparant.png\" alt=\"\" \/>\n\t\t<\/a>\n\t\t\t<\/div>\n\t<\/div>\t\t\t<\/div>\n\t\t<\/div>\n\n\t\t\n<\/div><\/div>\n<\/div><\/div><\/section>\n\n\n\n<p><\/p>","protected":false},"excerpt":{"rendered":"","protected":false},"author":1,"featured_media":0,"parent":0,"menu_order":0,"comment_status":"closed","ping_status":"closed","template":"template-gutentor-full-width.php","meta":{"_themeisle_gutenberg_block_has_review":false,"footnotes":""},"class_list":["post-82","page","type-page","status-publish","hentry"],"_links":{"self":[{"href":"https:\/\/www.companyoffriends.nl\/pt\/wp-json\/wp\/v2\/pages\/82","targetHints":{"allow":["GET"]}}],"collection":[{"href":"https:\/\/www.companyoffriends.nl\/pt\/wp-json\/wp\/v2\/pages"}],"about":[{"href":"https:\/\/www.companyoffriends.nl\/pt\/wp-json\/wp\/v2\/types\/page"}],"author":[{"embeddable":true,"href":"https:\/\/www.companyoffriends.nl\/pt\/wp-json\/wp\/v2\/users\/1"}],"replies":[{"embeddable":true,"href":"https:\/\/www.companyoffriends.nl\/pt\/wp-json\/wp\/v2\/comments?post=82"}],"version-history":[{"count":69,"href":"https:\/\/www.companyoffriends.nl\/pt\/wp-json\/wp\/v2\/pages\/82\/revisions"}],"predecessor-version":[{"id":526,"href":"https:\/\/www.companyoffriends.nl\/pt\/wp-json\/wp\/v2\/pages\/82\/revisions\/526"}],"wp:attachment":[{"href":"https:\/\/www.companyoffriends.nl\/pt\/wp-json\/wp\/v2\/media?parent=82"}],"curies":[{"name":"wp","href":"https:\/\/api.w.org\/{rel}","templated":true}]}}