{"id":78,"date":"2020-11-12T11:36:10","date_gmt":"2020-11-12T11:36:10","guid":{"rendered":"https:\/\/demo.keonthemes.com\/gutener\/demo13\/?page_id=6"},"modified":"2022-12-22T09:39:20","modified_gmt":"2022-12-22T09:39:20","slug":"services","status":"publish","type":"page","link":"https:\/\/www.companyoffriends.nl\/pt\/services\/","title":{"rendered":"Servi\u00e7os"},"content":{"rendered":"<section id=\"gm9fdc70f\" class=\"wp-block-gutentor-m3 section-gm9fdc70f gutentor-module gutentor-container-cover has-image-bg has-custom-bg has-gutentor-overlay\"><div class=\"grid-container\">\n<div id=\"section-g6a3980\" class=\"wp-block-gutentor-e1 section-g6a3980 gutentor-element gutentor-element-advanced-text text-align-center-desktop text-align-center-tablet text-align-center-mobile\"><div class=\"gutentor-text-wrap\"><h2 class=\"gutentor-text\">Servi\u00e7os<\/h2><\/div><\/div>\n<\/div><\/section>\n\n\n\n<section id=\"section-c04d1d7e-2590-4ce1-b7d9-5b5c68563c8f\" class=\"wp-block-gutentor-about-block gutentor-section gutentor-about about-template1 has-color-bg has-custom-bg\"><div class=\"grid-container\"><div class=\"gutentor-grid-item-wrap\"><div class=\"gutentor-single-item\"><div class=\"grid-row\"><div class=\"grid-md-6 about-grid\"><div class=\"gutentor-single-item-image-box\"><div class=\"gutentor-image-thumb\"><img loading=\"lazy\" decoding=\"async\" class=\"normal-image\" src=\"https:\/\/www.companyoffriends.nl\/wp-content\/uploads\/2022\/12\/Diemen-office-interview-1.jpg\" alt=\"\" height=\"480\" width=\"642\"\/><\/div><\/div><\/div><div class=\"grid-md-6 about-grid\"><div class=\"gutentor-single-item-content\"><div class=\"gutentor-about-content\"><h3 class=\"gutentor-single-item-title\">IDEALISTAS PR\u00c1TICOS<\/h3><p class=\"gutentor-single-item-desc\"><font style=\"vertical-align: inherit;\"><font style=\"vertical-align: inherit;\">Na Empresa dos Amigos, vemos os migrantes como indiv\u00edduos. \u00c0s vezes eles podem precisar de um empurr\u00e3o, dicas, uma boa conversa ou um ouvido atento.\u00a0<br>Eles s\u00e3o pessoas que podem e devem assumir sua pr\u00f3pria responsabilidade, ficar em p\u00e9 e seguir seu pr\u00f3prio caminho.\u00a0Como amigos, n\u00f3s os ajudamos a fazer isso, se necess\u00e1rio.\u00a0<\/font><\/font><\/p><\/div><\/div><\/div><\/div><\/div><\/div><\/div><\/section>\n\n\n\n<section id=\"gm82a77d2\" class=\"wp-block-gutentor-m3 section-gm82a77d2 gutentor-module gutentor-container-cover has-image-bg has-custom-bg has-gutentor-overlay\"><div class=\"grid-container\">\n<div id=\"section-gf0f42e\" class=\"wp-block-gutentor-e1 section-gf0f42e gutentor-element gutentor-element-advanced-text text-align-center-desktop text-align-center-tablet text-align-center-mobile\"><div class=\"gutentor-text-wrap\"><h2 class=\"gutentor-text\">NOSSOS SERVI\u00c7OS<\/h2><\/div><\/div>\n\n\n\n<section id=\"gm380e3fc\" class=\"wp-block-gutentor-m2 section-gm380e3fc gutentor-module gutentor-dynamic-columns gutentor-equal-column-height\"><div class=\"grid-container gutentor-rm-ct-space\"><div class=\"grid-row\">\n<div id=\"col-gm91c836\" class=\"wp-block-gutentor-m2-col col-gm91c836 gutentor-module gutentor-dynamic-single-column grid-lg-6 grid-md-6 grid-12\"><div id=\"section-gm91c836\" class=\"section-gm91c836 gutentor-single-col has-color-bg has-custom-bg\">\n<section id=\"gm5f294bf\" class=\"wp-block-gutentor-m4 section-gm5f294bf gutentor-module gutentor-advanced-columns\"><div class=\"grid-container\"><div class=\"grid-row\">\n<div id=\"col-gmd01dc5\" class=\"wp-block-gutentor-m4-col col-gmd01dc5 gutentor-single-column  grid-lg-12 grid-md-12 grid-12 gutentor-rm-col-space\"><div id=\"section-gmd01dc5\" class=\"section-gmd01dc5 gutentor-col-wrap\">\n<div id=\"section-g236927\" class=\"wp-block-gutentor-e5 section-g236927 gutentor-element gutentor-element-icon gutentor-icon-default text-align-left-desktop text-align-left-tablet text-align-left-mobile\"><div class=\"gutentor-element-icon-box\"><span><\/span><\/div><\/div>\n\n\n\n<h3 class=\"has-text-align-center has-tan-color has-text-color wp-block-heading\">POBREZA POR CORONA&nbsp;<\/h3>\n\n\n\n<p class=\"has-white-color has-text-color\">A pandemia de corona tem causado problemas para muitos migrantes irregulares. Problemas agudos. A Cruz Vermelha junto com Albert Heijn forneceram temporariamente pacotes de alimentos para os casos mais terr\u00edveis. Naturalmente, tivemos o prazer de ajudar na distribui\u00e7\u00e3o. A igreja cat\u00f3lica \"Sint Petrus' Banden\" em Diemen (nossos vizinhos) disponibilizou sua pra\u00e7a da igreja e pudemos distribuir muitas centenas de pacotes de alimentos. Mais tarde, em 2020, pudemos distribuir cart\u00f5es de compras (uma esp\u00e9cie de vale-presente para Albert Heijn). Isto \u00e9 muito mais pr\u00e1tico e tamb\u00e9m menos paternalista. A Etos tamb\u00e9m fornece cart\u00f5es para que os itens necess\u00e1rios da drogaria tamb\u00e9m possam ser comprados. Os pacotes e cart\u00f5es s\u00e3o destinados aos mais vulner\u00e1veis que n\u00e3o se qualificam para outra ajuda.<gwmw style=\"display:none;\"><gwmw style=\"display:none;\"><\/p>\n<\/div><\/div>\n<\/div><\/div><\/section>\n<\/div><\/div>\n\n\n\n<div id=\"col-gm36f600\" class=\"wp-block-gutentor-m2-col col-gm36f600 gutentor-module gutentor-dynamic-single-column grid-lg-6 grid-md-6 grid-12\"><div id=\"section-gm36f600\" class=\"section-gm36f600 gutentor-single-col has-color-bg has-custom-bg\">\n<section id=\"gme58876b\" class=\"wp-block-gutentor-m4 section-gme58876b gutentor-module gutentor-advanced-columns\"><div class=\"grid-container\"><div class=\"grid-row\">\n<div id=\"col-gm289401\" class=\"wp-block-gutentor-m4-col col-gm289401 gutentor-single-column  grid-lg-12 grid-md-12 grid-12 gutentor-rm-col-space\"><div id=\"section-gm289401\" class=\"section-gm289401 gutentor-col-wrap\">\n<div id=\"section-g72220c\" class=\"wp-block-gutentor-e5 section-g72220c gutentor-element gutentor-element-icon gutentor-icon-default text-align-left-desktop text-align-left-tablet text-align-left-mobile\"><div class=\"gutentor-element-icon-box\"><span><\/span><\/div><\/div>\n\n\n\n<h3 class=\"has-text-align-center has-tan-color has-text-color wp-block-heading\">REPATRIZA<\/h3>\n\n\n\n<p class=\"has-white-color has-text-color\">Em mar\u00e7o de 2020 foi realizado o primeiro lockdown. Muitos trabalhadores migrantes brasileiros irregulares de repente se viram sem renda, mas com altos custos de aluguel. Eles tamb\u00e9m estavam preocupados com sua fam\u00edlia e amigos no Brasil. A Empresa dos Amigos foi inundada com perguntas de brasileiros de toda a Europa sobre como chegar em casa rapidamente. Isto n\u00e3o foi f\u00e1cil. A maioria dos v\u00f4os havia sido cancelada; havia apenas dois v\u00f4os por semana para o Brasil. Al\u00e9m disso, a OIM e outras institui\u00e7\u00f5es que poderiam ajudar foram fechadas nestas primeiras semanas da pandemia. Trabalhamos e conseguimos ajudar centenas de brasileiros a repatriar. Agora, um ano e meio depois, a demanda de retorno \u00e9 muito menor e muitos migrantes de m\u00e3o-de-obra irregular do Brasil est\u00e3o chegando novamente para tentar sua sorte na Holanda.&nbsp;<\/p>\n<\/div><\/div>\n<\/div><\/div><\/section>\n<\/div><\/div>\n<\/div><\/div><\/section>\n\n\n\n<section id=\"gm3762c37\" class=\"wp-block-gutentor-m2 section-gm3762c37 gutentor-module gutentor-dynamic-columns gutentor-equal-column-height\"><div class=\"grid-container gutentor-rm-ct-space\"><div class=\"grid-row\">\n<div id=\"col-gm7a0774\" class=\"wp-block-gutentor-m2-col col-gm7a0774 gutentor-module gutentor-dynamic-single-column grid-lg-6 grid-md-6 grid-12\"><div id=\"section-gm7a0774\" class=\"section-gm7a0774 gutentor-single-col has-color-bg has-custom-bg\">\n<section id=\"gm58be69b\" class=\"wp-block-gutentor-m4 section-gm58be69b gutentor-module gutentor-advanced-columns\"><div class=\"grid-container\"><div class=\"grid-row\">\n<div id=\"col-gm6f18ef\" class=\"wp-block-gutentor-m4-col col-gm6f18ef gutentor-single-column  grid-lg-12 grid-md-12 grid-12 gutentor-rm-col-space\"><div id=\"section-gm6f18ef\" class=\"section-gm6f18ef gutentor-col-wrap\">\n<div id=\"section-g9d34ba\" class=\"wp-block-gutentor-e5 section-g9d34ba gutentor-element gutentor-element-icon gutentor-icon-default text-align-left-desktop text-align-left-tablet text-align-left-mobile\"><div class=\"gutentor-element-icon-box\"><span><\/span><\/div><\/div>\n\n\n\n<h3 class=\"has-text-align-center has-tan-color has-text-color wp-block-heading\">OPINI\u00c3O<\/h3>\n\n\n\n<p class=\"has-text-color\" style=\"color:#fefdfd\">Empresa de Amigos fala a dezenas de trabalhadores migrantes irregulares da Am\u00e9rica Latina todas as semanas. Muitas vezes eles v\u00eam com perguntas pr\u00e1ticas sobre, por exemplo, a escola de seus filhos, problemas familiares, finan\u00e7as ou sua posi\u00e7\u00e3o legal. Naturalmente, ajudamos com isso e, quando necess\u00e1rio, os encaminhamos a outra organiza\u00e7\u00e3o ou a um advogado. Se necess\u00e1rio, n\u00f3s ficamos para traduzir ou ajudar.<\/p>\n\n\n\n<p class=\"has-text-color\" style=\"color:#fefefe\">Somos politicamente independentes e avessos ao ativismo. Naturalmente, estamos cientes do debate muitas vezes polarizado em torno da migra\u00e7\u00e3o e da enorme lacuna entre legisla\u00e7\u00e3o e aplica\u00e7\u00e3o da lei. Mas em nossos conselhos aos migrantes, enfatizamos sempre sua pr\u00f3pria capacidade e responsabilidade individual.<\/p>\n<\/div><\/div>\n<\/div><\/div><\/section>\n<\/div><\/div>\n\n\n\n<div id=\"col-gm10f351\" class=\"wp-block-gutentor-m2-col col-gm10f351 gutentor-module gutentor-dynamic-single-column grid-lg-6 grid-md-6 grid-12\"><div id=\"section-gm10f351\" class=\"section-gm10f351 gutentor-single-col has-color-bg has-custom-bg\">\n<section id=\"gmddab4bd\" class=\"wp-block-gutentor-m4 section-gmddab4bd gutentor-module gutentor-advanced-columns\"><div class=\"grid-container\"><div class=\"grid-row\">\n<div id=\"col-gmece019\" class=\"wp-block-gutentor-m4-col col-gmece019 gutentor-single-column  grid-lg-12 grid-md-12 grid-12 gutentor-rm-col-space\"><div id=\"section-gmece019\" class=\"section-gmece019 gutentor-col-wrap\">\n<div id=\"section-g200280\" class=\"wp-block-gutentor-e5 section-g200280 gutentor-element gutentor-element-icon gutentor-icon-default text-align-left-desktop text-align-left-tablet text-align-left-mobile\"><div class=\"gutentor-element-icon-box\"><span><\/span><\/div><\/div>\n\n\n\n<h3 class=\"has-text-align-center has-tan-color has-text-color wp-block-heading\">PERGUNTAS M\u00c9DICAS&nbsp;<\/h3>\n\n\n\n<p class=\"has-white-color has-text-color\">Naturalmente, os filhos dos trabalhadores migrantes irregulares tamb\u00e9m foram duramente atingidos. Devido ao bloqueio Devido ao nosso posicionamento durante a pandemia, tamb\u00e9m recebemos muitas perguntas m\u00e9dicas. Muitas pessoas, especialmente crian\u00e7as, tamb\u00e9m est\u00e3o sofrendo fisicamente por causa das condi\u00e7\u00f5es de vida cada vez piores. \u00c0s vezes voc\u00ea pode encontrar um GP disposto a ajudar, mas se voc\u00ea s\u00f3 fala portugu\u00eas, voc\u00ea n\u00e3o pode realmente ser ajudado. \u00c9 por isso que pedimos aos M\u00e9dicos do Mundo para realizar uma hora de consulta com seu consult\u00f3rio m\u00e9dico m\u00f3vel em nossa casa (nos terrenos da igreja de Banden de Sint Petrus) uma vez a cada quinze dias. Alguns de nossos volunt\u00e1rios ajudam com tradu\u00e7\u00f5es. O GGD tamb\u00e9m realiza horas de cirurgia para pessoas de l\u00edngua portuguesa e espanhola conosco, de tempos em tempos.<gwmw style=\"display:none;\"><\/p>\n<\/div><\/div>\n<\/div><\/div><\/section>\n<\/div><\/div>\n<\/div><\/div><\/section>\n\n\n\n<section id=\"gm189a91b\" class=\"wp-block-gutentor-m2 section-gm189a91b gutentor-module gutentor-dynamic-columns gutentor-equal-column-height\"><div class=\"grid-container gutentor-rm-ct-space\"><div class=\"grid-row\">\n<div id=\"col-gm900270\" class=\"wp-block-gutentor-m2-col col-gm900270 gutentor-module gutentor-dynamic-single-column grid-lg-6 grid-md-6 grid-12\"><div id=\"section-gm900270\" class=\"section-gm900270 gutentor-single-col has-color-bg has-custom-bg\">\n<section id=\"gmacf8ef8\" class=\"wp-block-gutentor-m4 section-gmacf8ef8 gutentor-module gutentor-advanced-columns\"><div class=\"grid-container\"><div class=\"grid-row\">\n<div id=\"col-gmdcc21d\" class=\"wp-block-gutentor-m4-col col-gmdcc21d gutentor-single-column  grid-lg-12 grid-md-12 grid-12 gutentor-rm-col-space\"><div id=\"section-gmdcc21d\" class=\"section-gmdcc21d gutentor-col-wrap\">\n<div id=\"section-ge81676\" class=\"wp-block-gutentor-e5 section-ge81676 gutentor-element gutentor-element-icon gutentor-icon-default text-align-left-desktop text-align-left-tablet text-align-left-mobile\"><div class=\"gutentor-element-icon-box\"><span><\/span><\/div><\/div>\n\n\n\n<h3 class=\"has-text-align-center has-tan-color has-text-color wp-block-heading\">POBREZA CRIAN\u00c7A&nbsp;<\/h3>\n\n\n\n<p class=\"has-white-color has-text-color\">Naturalmente, os filhos dos trabalhadores migrantes irregulares tamb\u00e9m foram duramente atingidos. Por causa do fechamento, eles n\u00e3o puderam freq\u00fcentar a escola, em casa muitas vezes vivem com uma fam\u00edlia inteira em um quarto e n\u00e3o podem participar de aulas digitais porque n\u00e3o t\u00eam um laptop. Leergeld Amsterdam est\u00e1 l\u00e1 para as crian\u00e7as em situa\u00e7\u00e3o de pobreza. Atrav\u00e9s da Empresa dos Amigos, eles tamb\u00e9m podem alcan\u00e7ar filhos de trabalhadores migrantes sul-americanos. Naturalmente, tamb\u00e9m distribu\u00edmos materiais did\u00e1ticos para estas crian\u00e7as.<gwmw style=\"display:none;\"><gwmw style=\"display:none;\"><\/gwmw><gwmw style=\"display:none;\"><\/p>\n<\/div><\/div>\n<\/div><\/div><\/section>\n<\/div><\/div>\n\n\n\n<div id=\"col-gmda494e\" class=\"wp-block-gutentor-m2-col col-gmda494e gutentor-module gutentor-dynamic-single-column grid-lg-6 grid-md-6 grid-12\"><div id=\"section-gmda494e\" class=\"section-gmda494e gutentor-single-col has-color-bg has-custom-bg\">\n<section id=\"gm0c48b1a\" class=\"wp-block-gutentor-m4 section-gm0c48b1a gutentor-module gutentor-advanced-columns\"><div class=\"grid-container\"><div class=\"grid-row\">\n<div id=\"col-gm5ab8e6\" class=\"wp-block-gutentor-m4-col col-gm5ab8e6 gutentor-single-column  grid-lg-12 grid-md-12 grid-12 gutentor-rm-col-space\"><div id=\"section-gm5ab8e6\" class=\"section-gm5ab8e6 gutentor-col-wrap\">\n<div id=\"section-gb0491f\" class=\"wp-block-gutentor-e5 section-gb0491f gutentor-element gutentor-element-icon gutentor-icon-default text-align-left-desktop text-align-left-tablet text-align-left-mobile\"><div class=\"gutentor-element-icon-box\"><span><\/span><\/div><\/div>\n\n\n\n<h3 class=\"has-text-align-center has-tan-color has-text-color wp-block-heading\">CORONA WHATSAPP LINE&nbsp;<br><\/h3>\n\n\n\n<p class=\"has-white-color has-text-color\">A Linha de Ajuda da Cruz Vermelha agora tamb\u00e9m est\u00e1 dispon\u00edvel para pessoas que n\u00e3o falam holand\u00eas e t\u00eam uma pergunta sobre a coroa. Desta forma, eles t\u00eam um ouvido atento e conselhos durante a crise da coroa. Como antes n\u00e3o havia uma linha de ajuda em portugu\u00eas, oferecemos a Cruz Vermelha ao pessoal. Temos feito isso desde maio de 2020 e agora falamos com centenas de pessoas.eren.\u00a0<gwmw style=\"display:none;\"><\/p>\n<\/div><\/div>\n<\/div><\/div><\/section>\n<\/div><\/div>\n<\/div><\/div><\/section>\n<\/div><\/section>\n\n\n\n<p><\/p>","protected":false},"excerpt":{"rendered":"","protected":false},"author":1,"featured_media":0,"parent":0,"menu_order":0,"comment_status":"closed","ping_status":"closed","template":"template-gutentor-full-width.php","meta":{"_themeisle_gutenberg_block_has_review":false,"footnotes":""},"class_list":["post-78","page","type-page","status-publish","hentry"],"_links":{"self":[{"href":"https:\/\/www.companyoffriends.nl\/pt\/wp-json\/wp\/v2\/pages\/78","targetHints":{"allow":["GET"]}}],"collection":[{"href":"https:\/\/www.companyoffriends.nl\/pt\/wp-json\/wp\/v2\/pages"}],"about":[{"href":"https:\/\/www.companyoffriends.nl\/pt\/wp-json\/wp\/v2\/types\/page"}],"author":[{"embeddable":true,"href":"https:\/\/www.companyoffriends.nl\/pt\/wp-json\/wp\/v2\/users\/1"}],"replies":[{"embeddable":true,"href":"https:\/\/www.companyoffriends.nl\/pt\/wp-json\/wp\/v2\/comments?post=78"}],"version-history":[{"count":21,"href":"https:\/\/www.companyoffriends.nl\/pt\/wp-json\/wp\/v2\/pages\/78\/revisions"}],"predecessor-version":[{"id":493,"href":"https:\/\/www.companyoffriends.nl\/pt\/wp-json\/wp\/v2\/pages\/78\/revisions\/493"}],"wp:attachment":[{"href":"https:\/\/www.companyoffriends.nl\/pt\/wp-json\/wp\/v2\/media?parent=78"}],"curies":[{"name":"wp","href":"https:\/\/api.w.org\/{rel}","templated":true}]}}