{"id":345,"date":"2022-11-24T12:08:28","date_gmt":"2022-11-24T12:08:28","guid":{"rendered":"https:\/\/www.companyoffriends.nl\/?page_id=345"},"modified":"2025-02-03T09:54:09","modified_gmt":"2025-02-03T09:54:09","slug":"organisatie","status":"publish","type":"page","link":"https:\/\/www.companyoffriends.nl\/pt\/organisatie\/","title":{"rendered":"Organiza\u00e7\u00e3o"},"content":{"rendered":"<section id=\"gm206ea63\" class=\"wp-block-gutentor-m3 section-gm206ea63 gutentor-module gutentor-container-cover has-image-bg has-custom-bg has-gutentor-overlay\"><div class=\"grid-container\">\n<div id=\"section-g50a491\" class=\"wp-block-gutentor-e1 section-g50a491 gutentor-element gutentor-element-advanced-text text-align-center-desktop text-align-center-tablet text-align-center-mobile\"><div class=\"gutentor-text-wrap\"><h2 class=\"gutentor-text\">Organiza\u00e7\u00e3o<\/h2><\/div><\/div>\n<\/div><\/section>\n\n\n\n<p><\/p>\n\n\n\n<section id=\"gm0f99dc0\" class=\"wp-block-gutentor-m3 section-gm0f99dc0 gutentor-module gutentor-container-cover has-color-bg has-custom-bg\"><div class=\"grid-container\">\n<div id=\"section-gbe713e\" class=\"wp-block-gutentor-e1 section-gbe713e gutentor-element gutentor-element-advanced-text text-align-center-desktop text-align-center-tablet text-align-center-mobile\"><div class=\"gutentor-text-wrap\"><h4 class=\"gutentor-text\">O CONSELHO<\/h4><\/div><\/div>\n\n\n\n<p class=\"has-black-color has-text-color has-link-color wp-elements-1eb99ff8c9b79b8ca9b26c42c331b668\">Company of Friends wordt gedragen door een bestuur met een grote betrokkenheid bij migranten. <\/p>\n\n\n\n<p><strong>Adnan Ibrahimovi\u0107 \u2013 Financieel deskundige met een Inspirerend Verhaal<\/strong><\/p>\n\n\n\n<p class=\"has-black-color has-text-color has-link-color wp-elements-15be5b3b7a4127fd3a5e6031a70e7851\">De huidige penningmeester, Adnan Ibrahimovi\u0107, brengt niet alleen zijn financi\u00eble expertise maar ook een inspirerend levensverhaal mee. Na zijn vlucht uit Bosni\u00eb bouwde hij eerst een carri\u00e8re op als profvoetballer. Deze stap stelde hem in staat zijn familie naar Nederland te halen en hen veiligheid te bieden. Helaas moest hij door een blessure vroegtijdig stoppen met voetballen, maar zijn doorzettingsvermogen bracht hem tot nieuwe hoogten: Adnan voltooide zijn master in Financial Decision Making en geeft nu les in dit vak aan de Hogeschool Rotterdam. Naast zijn rol als penningmeester was hij de afgelopen jaren ook voorzitter van Company of Friends. Op 1 maart 2023 droeg hij het voorzitterschap over aan Adwin van Dijke.<\/p>\n\n\n\n<p><strong>Adwin van Dijke \u2013 Voorzitter en Verbinder<\/strong><\/p>\n\n\n\n<p class=\"has-black-color has-text-color has-link-color wp-elements-f6cc306cc4a754bd5d5901787f711883\"><a>Adwin is een van de oprichters van Company of Friends en heeft sinds de oprichting een sterke betrokkenheid bij de stichting. Als ondernemer en interim-manager brengt hij brede ervaring met zich mee en speelt hij een sleutelrol in het verbinden van Nederland met Brazili\u00eb, waar hij goed bekend is met de cultuur en gemeenschap.<\/a><\/p>\n\n\n\n<p><strong>Rudolf Oosterbaan \u2013 Secretaris en Technische Expert<\/strong><\/p>\n\n\n\n<p class=\"has-black-color has-text-color has-link-color wp-elements-79d51be9ec93663e921990c357f2d365\">Op het vlak van secretariaat heeft het bestuur recent wat wijzigingen ondergaan. July Olij, die de rol van eerste secretaris vervulde, moest haar positie bij Company of Friends opgeven vanwege haar nieuwe functie bij het VN-orgaan IOM, de Internationale Organisatie voor Migratie. Hoewel haar inzet gemist zal worden, blijft Rudolf Oosterbaan het bestuur versterken in zijn rol als secretaris. Rudolf, geboren en getogen in Amsterdam met Braziliaanse wortels, is een polyglot en ICT-professional met meer dan 15 jaar ervaring in de branche. Hij combineert zijn technische expertise met een passie voor het ondersteunen van migranten, wat hem een waardevolle schakel maakt in het bestuur.<\/p>\n\n\n\n<p class=\"has-black-color has-text-color has-link-color wp-elements-99bebba047ded8a94e17e12d7479e669\">Samen vormen Adnan, Adwin en Rudolf een team dat, door hun uiteenlopende achtergronden en gedeelde inzet, Company of Friends een solide basis biedt om migranten te ondersteunen en hun weg in Nederland te verlichten. Hun persoonlijke ervaringen als migranten geven een bijzondere diepgang aan de stichting en zijn van onschatbare waarde voor de gemeenschappen die ze dienen.<\/p>\n<\/div><\/section>\n\n\n\n<p><\/p>\n\n\n\n<section id=\"gmaf219a6\" class=\"wp-block-gutentor-m3 section-gmaf219a6 gutentor-module gutentor-container-cover has-image-bg has-custom-bg has-gutentor-overlay\"><div class=\"grid-container\">\n<section id=\"gm76fbe13\" class=\"wp-block-gutentor-m2 section-gm76fbe13 gutentor-module gutentor-dynamic-columns gutentor-equal-column-height\"><div class=\"grid-container gutentor-rm-ct-space\"><div class=\"grid-row\">\n<div id=\"col-gmef9c59\" class=\"wp-block-gutentor-m2-col col-gmef9c59 gutentor-module gutentor-dynamic-single-column grid-lg-6 grid-md-6 grid-12\"><div id=\"section-gmef9c59\" class=\"section-gmef9c59 gutentor-single-col has-color-bg has-custom-bg\">\n<section id=\"gm457dd4b\" class=\"wp-block-gutentor-m4 section-gm457dd4b gutentor-module gutentor-advanced-columns\"><div class=\"grid-container\"><div class=\"grid-row\">\n<div id=\"col-gm4dfd00\" class=\"wp-block-gutentor-m4-col col-gm4dfd00 gutentor-single-column  grid-lg-12 grid-md-12 grid-12 gutentor-rm-col-space\"><div id=\"section-gm4dfd00\" class=\"section-gm4dfd00 gutentor-col-wrap\">\n<div id=\"section-g5f2fc1\" class=\"wp-block-gutentor-e5 section-g5f2fc1 gutentor-element gutentor-element-icon gutentor-icon-default text-align-left-desktop text-align-left-tablet text-align-left-mobile\"><div class=\"gutentor-element-icon-box\"><span><\/span><\/div><\/div>\n\n\n\n<h3 class=\"wp-block-heading has-text-align-center has-tan-color has-text-color\">Administratieve gegevens<\/h3>\n\n\n\n<p class=\"has-grey-color has-text-color\">O nome da funda\u00e7\u00e3o \u00e9: Empresa de Amigos<br>De stichting is opgericht op: 10 september 2018, te Amsterdam<br>KVK n\u00famero: 72559292<br>RSIN\/fiscal (identificatie)nummer: 8591 52 765<br>Bankrekening: NL09 INGB 0008 7258 81<br>ANBI status sinds 14 april 2020<\/p>\n\n\n\n<h5 class=\"wp-block-heading has-tan-color has-text-color\">Contato<\/h5>\n\n\n\n<p class=\"has-grey-color has-text-color\" style=\"font-size:18px\">info@companyoffriends.nl<br>Eline Verestraat 24<br>1183 KZ  Amstelveen<\/p>\n<\/div><\/div>\n<\/div><\/div><\/section>\n<\/div><\/div>\n\n\n\n<div id=\"col-gmcbbb38\" class=\"wp-block-gutentor-m2-col col-gmcbbb38 gutentor-module gutentor-dynamic-single-column grid-lg-6 grid-md-6 grid-12\"><div id=\"section-gmcbbb38\" class=\"section-gmcbbb38 gutentor-single-col has-color-bg has-custom-bg\">\n<section id=\"gmc33aff7\" class=\"wp-block-gutentor-m4 section-gmc33aff7 gutentor-module gutentor-advanced-columns\"><div class=\"grid-container\"><div class=\"grid-row\">\n<div id=\"col-gmb33d6e\" class=\"wp-block-gutentor-m4-col col-gmb33d6e gutentor-single-column  grid-lg-12 grid-md-12 grid-12 gutentor-rm-col-space\"><div id=\"section-gmb33d6e\" class=\"section-gmb33d6e gutentor-col-wrap\">\n<div id=\"section-g73bcce\" class=\"wp-block-gutentor-e5 section-g73bcce gutentor-element gutentor-element-icon gutentor-icon-default text-align-left-desktop text-align-left-tablet text-align-left-mobile\"><div class=\"gutentor-element-icon-box\"><span><\/span><\/div><\/div>\n\n\n\n<h3 class=\"wp-block-heading has-text-align-center has-tan-color has-text-color\">Objetivos<\/h3>\n\n\n\n<p class=\"has-grey-color has-text-color\" style=\"font-size:18px\">De stichting heeft &#8211; met uitsluiting van winstoogmerk &#8211; ten doel:<\/p>\n\n\n\n<ul class=\"wp-block-list\">\n<li>1. migranten te begeleiden bij hun terugkeer of doormigratie;<\/li>\n\n\n\n<li>2. migranten inzicht te laten verkrijgen in hun juridische,<br>maatschappelijke en persoonlijke positie in Nederland en Europa;<\/li>\n\n\n\n<li>3. migranten te ondersteunen bij hun re-integratie in hun land van<br>origens:<\/li>\n\n\n\n<li>4. het geven van informatie, voorlichting en advies aan zowel<br>migranten als van particuliere, publieke en semipublieke organisaties.<\/li>\n<\/ul>\n<\/div><\/div>\n<\/div><\/div><\/section>\n<\/div><\/div>\n<\/div><\/div><\/section>\n\n\n\n<div id=\"section-gc3a666\" class=\"wp-block-gutentor-e1 section-gc3a666 gutentor-element gutentor-element-advanced-text text-align-center-desktop text-align-center-tablet text-align-center-mobile\"><div class=\"gutentor-text-wrap\"><h2 class=\"gutentor-text\">Detalhes da Funda\u00e7\u00e3o<\/h2><\/div><\/div>\n\n\n\n<section id=\"gm653b456\" class=\"wp-block-gutentor-m2 section-gm653b456 gutentor-module gutentor-dynamic-columns gutentor-equal-column-height\"><div class=\"grid-container gutentor-rm-ct-space\"><div class=\"grid-row\">\n<div id=\"col-gmf31513\" class=\"wp-block-gutentor-m2-col col-gmf31513 gutentor-module gutentor-dynamic-single-column grid-lg-6 grid-md-6 grid-12\"><div id=\"section-gmf31513\" class=\"section-gmf31513 gutentor-single-col has-color-bg has-custom-bg\">\n<section id=\"gm8895b75\" class=\"wp-block-gutentor-m4 section-gm8895b75 gutentor-module gutentor-advanced-columns\"><div class=\"grid-container\"><div class=\"grid-row\">\n<div id=\"col-gm5b3e20\" class=\"wp-block-gutentor-m4-col col-gm5b3e20 gutentor-single-column  grid-lg-12 grid-md-12 grid-12 gutentor-rm-col-space\"><div id=\"section-gm5b3e20\" class=\"section-gm5b3e20 gutentor-col-wrap\">\n<div id=\"section-g77f443\" class=\"wp-block-gutentor-e5 section-g77f443 gutentor-element gutentor-element-icon gutentor-icon-default text-align-left-desktop text-align-left-tablet text-align-left-mobile\"><div class=\"gutentor-element-icon-box\"><span><\/span><\/div><\/div>\n\n\n\n<h3 class=\"wp-block-heading has-text-align-center has-tan-color has-text-color\">Fun\u00e7\u00f5es dos diretores<\/h3>\n\n\n\n<p style=\"font-size:18px\">Voorzitter: Adwin van Dijke<br>Penningmeester: Adnan Ibrahimovi\u0107<br>Segundo secret\u00e1rio: Rudolf Oosterbaan<\/p>\n<\/div><\/div>\n<\/div><\/div><\/section>\n<\/div><\/div>\n\n\n\n<div id=\"col-gmdaccad\" class=\"wp-block-gutentor-m2-col col-gmdaccad gutentor-module gutentor-dynamic-single-column grid-lg-6 grid-md-6 grid-12\"><div id=\"section-gmdaccad\" class=\"section-gmdaccad gutentor-single-col has-color-bg has-custom-bg\">\n<section id=\"gmc92324a\" class=\"wp-block-gutentor-m4 section-gmc92324a gutentor-module gutentor-advanced-columns\"><div class=\"grid-container\"><div class=\"grid-row\">\n<div id=\"col-gmbc9b6b\" class=\"wp-block-gutentor-m4-col col-gmbc9b6b gutentor-single-column  grid-lg-12 grid-md-12 grid-12 gutentor-rm-col-space\"><div id=\"section-gmbc9b6b\" class=\"section-gmbc9b6b gutentor-col-wrap\">\n<div id=\"section-g850470\" class=\"wp-block-gutentor-e5 section-g850470 gutentor-element gutentor-element-icon gutentor-icon-default text-align-left-desktop text-align-left-tablet text-align-left-mobile\"><div class=\"gutentor-element-icon-box\"><span><\/span><\/div><\/div>\n\n\n\n<h3 class=\"wp-block-heading has-text-align-center has-tan-color has-text-color\">Beleidsplan<\/h3>\n\n\n\n<p style=\"font-size:18px\"><a href=\"https:\/\/www.companyoffriends.nl\/wp-content\/uploads\/2024\/11\/Beleidsplan-2023-2024.pdf\">Beleidsplan 2023-2024<\/a><\/p>\n<\/div><\/div>\n<\/div><\/div><\/section>\n<\/div><\/div>\n\n\n\n<div id=\"col-gm99cc95\" class=\"wp-block-gutentor-m2-col col-gm99cc95 gutentor-module gutentor-dynamic-single-column grid-lg-6 grid-md-6 grid-12\"><div id=\"section-gm99cc95\" class=\"section-gm99cc95 gutentor-single-col has-color-bg has-custom-bg\">\n<section id=\"gm8f130f9\" class=\"wp-block-gutentor-m4 section-gm8f130f9 gutentor-module gutentor-advanced-columns\"><div class=\"grid-container\"><div class=\"grid-row\">\n<div id=\"col-gm3a38ed\" class=\"wp-block-gutentor-m4-col col-gm3a38ed gutentor-single-column  grid-lg-12 grid-md-12 grid-12 gutentor-rm-col-space\"><div id=\"section-gm3a38ed\" class=\"section-gm3a38ed gutentor-col-wrap\">\n<div id=\"section-gff05ab\" class=\"wp-block-gutentor-e5 section-gff05ab gutentor-element gutentor-element-icon gutentor-icon-default text-align-left-desktop text-align-left-tablet text-align-left-mobile\"><div class=\"gutentor-element-icon-box\"><span><\/span><\/div><\/div>\n\n\n\n<h3 class=\"wp-block-heading has-text-align-center has-tan-color has-text-color\">Pol\u00edtica de remunera\u00e7\u00e3o<\/h3>\n\n\n\n<p style=\"font-size:18px\">De bestuurders zetten zich vrijwillig en onbezoldigd in voor de Stichting Company of Friends. De werkzaamheden verricht door het bureau van Company of Friends worden alleen dan vergoed wanneer er hiervoor en (project) subsidie beschikbaar is. De hoogte van de beloning volgt de reglementen en voorwaarden van de subsidieverstrekker.<\/p>\n<\/div><\/div>\n<\/div><\/div><\/section>\n<\/div><\/div>\n<\/div><\/div><\/section>\n<\/div><\/section>\n\n\n\n<section id=\"gm4344fd3\" class=\"wp-block-gutentor-m3 section-gm4344fd3 gutentor-module gutentor-container-cover has-color-bg has-custom-bg\"><div class=\"grid-container\">\n<div id=\"section-g115cdd\" class=\"wp-block-gutentor-e1 section-g115cdd gutentor-element gutentor-element-advanced-text text-align-center-desktop text-align-center-tablet text-align-center-mobile\"><div class=\"gutentor-text-wrap\"><h4 class=\"gutentor-text\">Verantwoording<\/h4><\/div><\/div>\n<\/div><\/section>\n\n\n\n<section id=\"gmf3720a5\" class=\"wp-block-gutentor-m4 section-gmf3720a5 gutentor-module gutentor-advanced-columns gutentor-equal-column-height\"><div class=\"grid-container\"><div class=\"grid-row\">\n<div id=\"col-gm6fd1b0\" class=\"wp-block-gutentor-m4-col col-gm6fd1b0 gutentor-single-column  grid-lg-6 grid-md-12 grid-12\"><div id=\"section-gm6fd1b0\" class=\"section-gm6fd1b0 gutentor-col-wrap\">\n<h4 class=\"wp-block-heading\"><strong>Funda\u00e7\u00e3o<\/strong><\/h4>\n\n\n\n<p style=\"font-size:18px\"><br>De Stichting Company of Friends is te Amsterdam opgericht op 10 september 2018 en staat ingeschreven in de Kamer van Koophandel<br>sob o n\u00famero 72559292<\/p>\n\n\n\n<h4 class=\"wp-block-heading\"><strong>Objetivo<\/strong><\/h4>\n\n\n\n<p style=\"font-size:18px\">De stichting heeft &#8211; met uitsluiting van winstoogmerk &#8211; ten doel:<\/p>\n\n\n\n<ol style=\"font-size:18px\" class=\"wp-block-list\">\n<li>acompanhar os migrantes em seu retorno ou em migra\u00e7\u00e3o posterior;<\/li>\n\n\n\n<li>deixando os migrantes entenderem sua legalidade,<br>posi\u00e7\u00e3o social e pessoal na Holanda e na Europa;<\/li>\n\n\n\n<li>Apoiar os migrantes em sua reintegra\u00e7\u00e3o em seu pa\u00eds de<br>origens:<\/li>\n\n\n\n<li>fornecer informa\u00e7\u00f5es, educa\u00e7\u00e3o e aconselhamento a ambos<br>migrantes como uma organiza\u00e7\u00e3o privada, p\u00fablica e semi-p\u00fablica.<\/li>\n<\/ol>\n<\/div><\/div>\n\n\n\n<div id=\"col-gmabb10d\" class=\"wp-block-gutentor-m4-col col-gmabb10d gutentor-single-column  grid-lg-6 grid-md-12 grid-12\"><div id=\"section-gmabb10d\" class=\"section-gmabb10d gutentor-col-wrap\">\n<h4 class=\"wp-block-heading\"><strong>Administra\u00e7\u00e3o<\/strong><\/h4>\n\n\n\n<p style=\"font-size:18px\">Directie van het bureau wordt gevoerd door Joquebede Mesquita Siqueira.<\/p>\n\n\n\n<h4 class=\"wp-block-heading\"><strong>Inhoudelijke verantwoordin<\/strong>g<\/h4>\n\n\n\n<p><a href=\"https:\/\/www.companyoffriends.nl\/wp-content\/uploads\/2024\/11\/Jaarverslag-2023.pdf\">Jaarverslag 2023<\/a><\/p>\n\n\n\n<p><a href=\"https:\/\/www.companyoffriends.nl\/wp-content\/uploads\/2023\/05\/Jaarverslag-2022.pdf\">Jaarverslag 2022<\/a><\/p>\n\n\n\n<p><a href=\"https:\/\/www.companyoffriends.nl\/wp-content\/uploads\/2023\/05\/Jaarverslag-2021.pdf\" target=\"_blank\" rel=\"noreferrer noopener\">Jaarverslag 2021<\/a><\/p>\n\n\n\n<h4 class=\"wp-block-heading\"><strong>Financi\u00eble verantwoording<\/strong><\/h4>\n\n\n\n<p><a href=\"https:\/\/www.companyoffriends.nl\/wp-content\/uploads\/2024\/11\/Jaarrekening-2023.pdf\">Jaarrekening 2023<\/a><\/p>\n\n\n\n<p><a href=\"https:\/\/www.companyoffriends.nl\/wp-content\/uploads\/2025\/02\/standaardform-CoF-2023.pdf\">ANBI Publicatieformulier 2023<\/a><\/p>\n\n\n\n<p><a href=\"https:\/\/www.companyoffriends.nl\/wp-content\/uploads\/2024\/11\/Jaarrekening-2022.pdf\">Jaarrekening 2022<\/a><\/p>\n\n\n\n<p><a href=\"https:\/\/www.companyoffriends.nl\/wp-content\/uploads\/2024\/11\/Jaarrekening-2021.pdf\">Jaarrekening 2021<\/a><\/p>\n<\/div><\/div>\n<\/div><\/div><\/section>\n\n\n\n\n\n<section id=\"gmf2d8c47\" class=\"wp-block-gutentor-m4 section-gmf2d8c47 gutentor-module gutentor-advanced-columns has-color-bg has-custom-bg\"><div class=\"grid-container\"><div class=\"grid-row\">\n<div id=\"col-gm11895c\" class=\"wp-block-gutentor-m4-col col-gm11895c gutentor-single-column  grid-lg-12 grid-md-12 grid-12\"><div id=\"section-gm11895c\" class=\"section-gm11895c gutentor-col-wrap\"><\/div><\/div>\n<\/div><\/div><\/section>","protected":false},"excerpt":{"rendered":"","protected":false},"author":1,"featured_media":0,"parent":0,"menu_order":0,"comment_status":"closed","ping_status":"closed","template":"template-gutentor-full-width.php","meta":{"_themeisle_gutenberg_block_has_review":false,"footnotes":""},"class_list":["post-345","page","type-page","status-publish","hentry"],"_links":{"self":[{"href":"https:\/\/www.companyoffriends.nl\/pt\/wp-json\/wp\/v2\/pages\/345","targetHints":{"allow":["GET"]}}],"collection":[{"href":"https:\/\/www.companyoffriends.nl\/pt\/wp-json\/wp\/v2\/pages"}],"about":[{"href":"https:\/\/www.companyoffriends.nl\/pt\/wp-json\/wp\/v2\/types\/page"}],"author":[{"embeddable":true,"href":"https:\/\/www.companyoffriends.nl\/pt\/wp-json\/wp\/v2\/users\/1"}],"replies":[{"embeddable":true,"href":"https:\/\/www.companyoffriends.nl\/pt\/wp-json\/wp\/v2\/comments?post=345"}],"version-history":[{"count":58,"href":"https:\/\/www.companyoffriends.nl\/pt\/wp-json\/wp\/v2\/pages\/345\/revisions"}],"predecessor-version":[{"id":616,"href":"https:\/\/www.companyoffriends.nl\/pt\/wp-json\/wp\/v2\/pages\/345\/revisions\/616"}],"wp:attachment":[{"href":"https:\/\/www.companyoffriends.nl\/pt\/wp-json\/wp\/v2\/media?parent=345"}],"curies":[{"name":"wp","href":"https:\/\/api.w.org\/{rel}","templated":true}]}}