{"id":152,"date":"2022-11-04T14:38:47","date_gmt":"2022-11-04T14:38:47","guid":{"rendered":"http:\/\/localhost\/Company\/?page_id=152"},"modified":"2022-12-18T12:08:56","modified_gmt":"2022-12-18T12:08:56","slug":"projecten","status":"publish","type":"page","link":"https:\/\/www.companyoffriends.nl\/pt\/projecten\/","title":{"rendered":"Projetos"},"content":{"rendered":"<section id=\"gme9e5558\" class=\"wp-block-gutentor-m3 section-gme9e5558 gutentor-module gutentor-container-cover has-image-bg has-custom-bg has-gutentor-overlay\"><div class=\"grid-container\">\n<div id=\"section-g6d80a2\" class=\"wp-block-gutentor-e1 section-g6d80a2 gutentor-element gutentor-element-advanced-text text-align-center-desktop text-align-center-tablet text-align-center-mobile\"><div class=\"gutentor-text-wrap\"><h2 class=\"gutentor-text\">Projetos<\/h2><\/div><\/div>\n<\/div><\/section>\n\n\n\n<section id=\"gmeebe966\" class=\"wp-block-gutentor-m3 section-gmeebe966 gutentor-module gutentor-container-cover has-color-bg has-custom-bg\"><div class=\"grid-container\">\n<div id=\"section-gd1bc50\" class=\"wp-block-gutentor-e1 section-gd1bc50 gutentor-element gutentor-element-advanced-text text-align-center-desktop text-align-center-tablet text-align-center-mobile\"><div class=\"gutentor-text-wrap\"><span class=\"gutentor-text\">Projetos<\/span><\/div><\/div>\n\n\n\n<div id=\"section-ga09b3c\" class=\"wp-block-gutentor-e1 section-ga09b3c gutentor-element gutentor-element-advanced-text text-align-center-desktop text-align-center-tablet text-align-center-mobile\"><div class=\"gutentor-text-wrap\"><h2 class=\"gutentor-text translation-block\">Estes s\u00e3o alguns de nossos projetos mais <br>recentes<\/h2><\/div><\/div>\n<\/div><\/section>\n\n\n\n<section id=\"gm207dfd3\" class=\"wp-block-gutentor-m4 section-gm207dfd3 gutentor-module gutentor-advanced-columns has-color-bg has-custom-bg\"><div class=\"grid-container\"><div class=\"grid-row\">\n<div id=\"col-gmf99582\" class=\"wp-block-gutentor-m4-col col-gmf99582 gutentor-single-column  grid-lg-6 grid-md-12 grid-12\"><div id=\"section-gmf99582\" class=\"section-gmf99582 gutentor-col-wrap\">\n<div id=\"section-g706470\" class=\"wp-block-gutentor-e6 section-g706470 gutentor-element gutentor-element-image gutentor-enabled-width text-align-center-desktop text-align-center-tablet text-align-center-mobile\"><div class=\"gutentor-element-image-box\"><div class=\"gutentor-image-thumb\"><img decoding=\"async\" class=\"normal-image\" src=\"https:\/\/www.companyoffriends.nl\/wp-content\/uploads\/2022\/11\/pexels-tiff-ng-3130810.jpeg\"\/><\/div><\/div><\/div>\n<\/div><\/div>\n\n\n\n<div id=\"col-gm4c8f77\" class=\"wp-block-gutentor-m4-col col-gm4c8f77 gutentor-single-column  grid-lg-6 grid-md-12 grid-12\"><div id=\"section-gm4c8f77\" class=\"section-gm4c8f77 gutentor-col-wrap has-image-bg has-custom-bg\">\n<div id=\"section-g1ca4b9\" class=\"wp-block-gutentor-e1 section-g1ca4b9 gutentor-element gutentor-element-advanced-text text-align-left-desktop text-align-center-tablet text-align-center-mobile\"><div class=\"gutentor-text-wrap\"><h3 class=\"gutentor-text\"><strong>SAUDADE&nbsp;<\/strong><\/h3><\/div><\/div>\n\n\n\n<div id=\"section-ge0d54a\" class=\"wp-block-gutentor-e1 section-ge0d54a gutentor-element gutentor-element-advanced-text text-align-left-desktop text-align-center-tablet text-align-center-mobile\"><div class=\"gutentor-text-wrap\"><p class=\"gutentor-text\">H\u00e1 muitos trabalhadores migrantes na Holanda. Tanto legal como ilegalmente. Em 2018, 613.000 trabalhadores migrantes residiam em nosso pa\u00eds, de acordo com a Inspetoria SZW.\u00a0 O n\u00famero de migrantes em situa\u00e7\u00e3o irregular \u00e9 dif\u00edcil de indicar, pois eles n\u00e3o est\u00e3o registrados em nenhum lugar. Isto tamb\u00e9m se aplica aos latino-americanos, mas de acordo com nossos c\u00e1lculos, cerca de 35.000 brasileiros est\u00e3o na Holanda ilegalmente. H\u00e1 tamb\u00e9m v\u00e1rios milhares de migrantes de m\u00e3o-de-obra irregular de outros pa\u00edses da Am\u00e9rica Latina, especialmente da Col\u00f4mbia e do Equador.\n\nTraduzido com a vers\u00e3o gratuita do tradutor - www.DeepL.com\/Translator&nbsp;&nbsp;<\/p><\/div><\/div>\n<\/div><\/div>\n<\/div><\/div><\/section>\n\n\n\n<section id=\"gm587789e\" class=\"wp-block-gutentor-m4 section-gm587789e gutentor-module gutentor-advanced-columns has-color-bg has-custom-bg\"><div class=\"grid-container\"><div class=\"grid-row\">\n<div id=\"col-gm56546c\" class=\"wp-block-gutentor-m4-col col-gm56546c gutentor-single-column  grid-lg-5 grid-md-12 grid-12\"><div id=\"section-gm56546c\" class=\"section-gm56546c gutentor-col-wrap\">\n<div id=\"section-g224c71\" class=\"wp-block-gutentor-e6 section-g224c71 gutentor-element gutentor-element-image gutentor-enabled-width text-align-center-desktop text-align-center-tablet text-align-center-mobile\"><div class=\"gutentor-element-image-box\"><div class=\"gutentor-image-thumb\"><img decoding=\"async\" class=\"normal-image\" src=\"https:\/\/www.companyoffriends.nl\/wp-content\/uploads\/2022\/11\/accompanied-project-3-1.jpeg\"\/><\/div><\/div><\/div>\n<\/div><\/div>\n\n\n\n<div id=\"col-gm79ff25\" class=\"wp-block-gutentor-m4-col col-gm79ff25 gutentor-single-column  grid-lg-7 grid-md-12 grid-12\"><div id=\"section-gm79ff25\" class=\"section-gm79ff25 gutentor-col-wrap has-image-bg has-custom-bg\">\n<div id=\"section-gdf47ff\" class=\"wp-block-gutentor-e1 section-gdf47ff gutentor-element gutentor-element-advanced-text text-align-left-desktop text-align-center-tablet text-align-center-mobile\"><div class=\"gutentor-text-wrap\"><h3 class=\"gutentor-text\">LUTA LEGAL<\/h3><\/div><\/div>\n\n\n\n<div id=\"section-gb749c8\" class=\"wp-block-gutentor-e1 section-gb749c8 gutentor-element gutentor-element-advanced-text text-align-left-desktop text-align-center-tablet text-align-center-mobile\"><div class=\"gutentor-text-wrap\"><p class=\"gutentor-text\">Os migrantes brasileiros em situa\u00e7\u00e3o irregular diferem de outros migrantes em situa\u00e7\u00e3o irregular na medida em que muitas vezes trazem suas fam\u00edlias consigo ou criam uma fam\u00edlia aqui. \u00c9 claro que esta n\u00e3o \u00e9 uma maneira ideal para as crian\u00e7as crescerem. Muitas vezes vivem com toda sua fam\u00edlia em um quarto, mudam-se v\u00e1rias vezes ao ano e n\u00e3o h\u00e1 dinheiro para esportes ou recrea\u00e7\u00e3o. H\u00e1 tamb\u00e9m muita esperan\u00e7a, mas pouca perspectiva de resid\u00eancia legal. Al\u00e9m disso, seus pais s\u00e3o frequentemente pouco instru\u00eddos (n\u00e3o raramente analfabetos) e falam apenas portugu\u00eas. Isto torna muito dif\u00edcil para estas crian\u00e7as a busca de uma educa\u00e7\u00e3o e a realiza\u00e7\u00e3o de suas pr\u00f3prias ambi\u00e7\u00f5es.&nbsp;&nbsp;<\/p><\/div><\/div>\n<\/div><\/div>\n<\/div><\/div><\/section>\n\n\n\n<section id=\"section-a178a3cf-19e5-4f85-8cae-6cd3bf0306dd\" class=\"wp-block-gutentor-about-block gutentor-section gutentor-about about-template4 has-color-bg has-custom-bg\"><div class=\"grid-container\"><div class=\"gutentor-grid-item-wrap\"><div class=\"gutentor-single-item\"><div class=\"grid-row\"><div class=\"grid-md-6 about-grid\"><div class=\"gutentor-single-item-content\"><div class=\"gutentor-about-content\"><h3 class=\"gutentor-single-item-title\"><strong>NATAL EM UMA CAIXA<\/strong>\u00a0<\/h3><p class=\"gutentor-single-item-desc\">Os filhos de migrantes -especialmente durante a pandemia- n\u00e3o t\u00eam isso f\u00e1cil. Quase n\u00e3o h\u00e1 dinheiro para aluguel ou comida, muito menos um presente no Natal. Junto com estudantes da InHolland, a Companhia dos Amigos organizou o Natal em uma Caixa. Foi realizada uma coleta para as crian\u00e7as e com a ajuda de doa\u00e7\u00f5es privadas e corporativas, e \u00e9 claro que os estudantes de InHolland, as crian\u00e7as ainda puderam dar um verdadeiro Natal. A Igreja de Bandidos do Sint Petrus em Diemen tamb\u00e9m nos abriu suas portas para esta a\u00e7\u00e3o.\u00a0\u00a0\u00a0<\/p><\/div><\/div><\/div><div class=\"grid-md-6 about-grid\"><div class=\"gutentor-single-item-image-box\"><div class=\"gutentor-image-thumb\"><img loading=\"lazy\" decoding=\"async\" class=\"normal-image\" src=\"https:\/\/www.companyoffriends.nl\/wp-content\/uploads\/2022\/11\/GOTC8801-1-1-e1667570894132.jpeg\" alt=\"\" height=\"778\" width=\"768\"\/><\/div><\/div><\/div><\/div><\/div><\/div><\/div><\/section>\n\n\n\n<section id=\"section-7c964453-17f5-4c22-9396-9236bd21a591\" class=\"wp-block-gutentor-about-block gutentor-section gutentor-about about-template1 has-color-bg has-custom-bg\"><div class=\"grid-container\"><div class=\"gutentor-grid-item-wrap\"><div class=\"gutentor-single-item\"><div class=\"grid-row\"><div class=\"grid-md-6 about-grid\"><div class=\"gutentor-single-item-image-box\"><div class=\"gutentor-image-thumb\"><img loading=\"lazy\" decoding=\"async\" class=\"normal-image\" src=\"https:\/\/www.companyoffriends.nl\/wp-content\/uploads\/2022\/11\/OQMP7501-e1667570959854.jpeg\" alt=\"\" height=\"729\" width=\"709\"\/><\/div><\/div><\/div><div class=\"grid-md-6 about-grid\"><div class=\"gutentor-single-item-content\"><div class=\"gutentor-about-content\"><h3 class=\"gutentor-single-item-title\"><strong>APOIAR AS M\u00c3ES\u00a0<\/strong><\/h3><p class=\"gutentor-single-item-desc\">As m\u00e3es de crian\u00e7as pequenas e beb\u00eas passaram por um per\u00edodo dif\u00edcil nos primeiros meses da coroa. Muitas vezes n\u00e3o havia dinheiro para o essencial como as fraldas e o leite em p\u00f3. Junto com a Igreja de Banden Sint Petrus em Diemen e a Cruz Vermelha, criamos uma cole\u00e7\u00e3o entre os cidad\u00e3os de Diemen. As fraldas doadas e o leite materno ajudaram muitos pais e crian\u00e7as a atravessar o momento mais dif\u00edcil.\u00a0<\/p><\/div><\/div><\/div><\/div><\/div><\/div><\/div><\/section>","protected":false},"excerpt":{"rendered":"","protected":false},"author":1,"featured_media":0,"parent":0,"menu_order":0,"comment_status":"closed","ping_status":"closed","template":"template-gutentor-full-width.php","meta":{"_themeisle_gutenberg_block_has_review":false,"footnotes":""},"class_list":["post-152","page","type-page","status-publish","hentry"],"_links":{"self":[{"href":"https:\/\/www.companyoffriends.nl\/pt\/wp-json\/wp\/v2\/pages\/152","targetHints":{"allow":["GET"]}}],"collection":[{"href":"https:\/\/www.companyoffriends.nl\/pt\/wp-json\/wp\/v2\/pages"}],"about":[{"href":"https:\/\/www.companyoffriends.nl\/pt\/wp-json\/wp\/v2\/types\/page"}],"author":[{"embeddable":true,"href":"https:\/\/www.companyoffriends.nl\/pt\/wp-json\/wp\/v2\/users\/1"}],"replies":[{"embeddable":true,"href":"https:\/\/www.companyoffriends.nl\/pt\/wp-json\/wp\/v2\/comments?post=152"}],"version-history":[{"count":10,"href":"https:\/\/www.companyoffriends.nl\/pt\/wp-json\/wp\/v2\/pages\/152\/revisions"}],"predecessor-version":[{"id":443,"href":"https:\/\/www.companyoffriends.nl\/pt\/wp-json\/wp\/v2\/pages\/152\/revisions\/443"}],"wp:attachment":[{"href":"https:\/\/www.companyoffriends.nl\/pt\/wp-json\/wp\/v2\/media?parent=152"}],"curies":[{"name":"wp","href":"https:\/\/api.w.org\/{rel}","templated":true}]}}